{"id":19,"date":"2021-08-04T20:51:48","date_gmt":"2021-08-04T18:51:48","guid":{"rendered":"http:\/\/serwer2170834.home.pl\/autoinstalator\/wordpressplugins1\/?page_id=19"},"modified":"2023-01-20T11:26:58","modified_gmt":"2023-01-20T10:26:58","slug":"strona-glowna","status":"publish","type":"page","link":"https:\/\/panskasiejba.pl\/","title":{"rendered":"Strona g\u0142\u00f3wna"},"content":{"rendered":"\t\t<div data-elementor-type=\"wp-page\" data-elementor-id=\"19\" class=\"elementor elementor-19\">\n\t\t\t\t\t\t\t\t\t<section class=\"elementor-section elementor-top-section elementor-element elementor-element-59a603ee elementor-section-boxed elementor-section-height-default elementor-section-height-default\" data-id=\"59a603ee\" data-element_type=\"section\">\n\t\t\t\t\t\t<div class=\"elementor-container elementor-column-gap-default\">\n\t\t\t\t\t<div class=\"elementor-column elementor-col-100 elementor-top-column elementor-element elementor-element-3eeb7fa9\" data-id=\"3eeb7fa9\" data-element_type=\"column\">\n\t\t\t<div class=\"elementor-widget-wrap elementor-element-populated\">\n\t\t\t\t\t\t\t\t<div class=\"elementor-element elementor-element-25933bd9 elementor-widget elementor-widget-text-editor\" data-id=\"25933bd9\" data-element_type=\"widget\" data-widget_type=\"text-editor.default\">\n\t\t\t\t<div class=\"elementor-widget-container\">\n\t\t\t\t\t\t\t<!-- wp:paragraph -->\n<p>Witamy na stronie! To jest strona g\u0142\u00f3wna, kt\u00f3r\u0105 zobaczy wi\u0119kszo\u015b\u0107 odwiedzaj\u0105cych, kiedy b\u0119dzie odwiedza\u0107 twoj\u0105 witryn\u0119 po raz pierwszy.<\/p>\n<!-- \/wp:paragraph -->\n\n<!-- wp:columns -->\n<div class=\"wp-block-columns\"><!-- wp:column -->\n<div class=\"wp-block-column\"><\/div>\n<!-- \/wp:column -->\n\n<!-- wp:column -->\n<div class=\"wp-block-column\"><\/div>\n<!-- \/wp:column --><\/div>\n<!-- \/wp:columns -->\t\t\t\t\t\t<\/div>\n\t\t\t\t<\/div>\n\t\t\t\t\t<\/div>\n\t\t<\/div>\n\t\t\t\t\t\t\t<\/div>\n\t\t<\/section>\n\t\t\t\t\t\t\t<\/div>\n\t\t","protected":false},"excerpt":{"rendered":"<p>Witamy na stronie! To jest strona g\u0142\u00f3wna, kt\u00f3r\u0105 zobaczy wi\u0119kszo\u015b\u0107 odwiedzaj\u0105cych, kiedy b\u0119dzie odwiedza\u0107 twoj\u0105 witryn\u0119 po raz<\/p>\n","protected":false},"author":1,"featured_media":0,"parent":0,"menu_order":0,"comment_status":"closed","ping_status":"closed","template":"","meta":{"footnotes":"","_links_to":"","_links_to_target":""},"class_list":["post-19","page","type-page","status-publish","hentry"],"yoast_head":"<!-- This site is optimized with the Yoast SEO plugin v27.4 - https:\/\/yoast.com\/product\/yoast-seo-wordpress\/ -->\n<title>Strona g\u0142\u00f3wna -<\/title>\n<meta name=\"robots\" content=\"index, follow, max-snippet:-1, max-image-preview:large, max-video-preview:-1\" \/>\n<link rel=\"canonical\" href=\"https:\/\/panskasiejba.pl\/\" \/>\n<meta property=\"og:locale\" content=\"pl_PL\" \/>\n<meta property=\"og:type\" content=\"article\" \/>\n<meta property=\"og:title\" content=\"Strona g\u0142\u00f3wna -\" \/>\n<meta property=\"og:description\" content=\"Witamy na stronie! To jest strona g\u0142\u00f3wna, kt\u00f3r\u0105 zobaczy wi\u0119kszo\u015b\u0107 odwiedzaj\u0105cych, kiedy b\u0119dzie odwiedza\u0107 twoj\u0105 witryn\u0119 po raz\" \/>\n<meta property=\"og:url\" content=\"https:\/\/panskasiejba.pl\/\" \/>\n<meta property=\"article:publisher\" content=\"https:\/\/www.facebook.com\/profile.php?id=100063526942329\" \/>\n<meta property=\"article:modified_time\" content=\"2023-01-20T10:26:58+00:00\" \/>\n<meta name=\"twitter:card\" content=\"summary_large_image\" \/>\n<meta name=\"twitter:label1\" content=\"Szacowany czas czytania\" \/>\n\t<meta name=\"twitter:data1\" content=\"1 minuta\" \/>\n<script type=\"application\/ld+json\" class=\"yoast-schema-graph\">{\"@context\":\"https:\\\/\\\/schema.org\",\"@graph\":[{\"@type\":\"WebPage\",\"@id\":\"https:\\\/\\\/panskasiejba.pl\\\/\",\"url\":\"https:\\\/\\\/panskasiejba.pl\\\/\",\"name\":\"Strona g\u0142\u00f3wna -\",\"isPartOf\":{\"@id\":\"https:\\\/\\\/panskasiejba.pl\\\/#website\"},\"datePublished\":\"2021-08-04T18:51:48+00:00\",\"dateModified\":\"2023-01-20T10:26:58+00:00\",\"breadcrumb\":{\"@id\":\"https:\\\/\\\/panskasiejba.pl\\\/#breadcrumb\"},\"inLanguage\":\"pl-PL\",\"potentialAction\":[{\"@type\":\"ReadAction\",\"target\":[\"https:\\\/\\\/panskasiejba.pl\\\/\"]}]},{\"@type\":\"BreadcrumbList\",\"@id\":\"https:\\\/\\\/panskasiejba.pl\\\/#breadcrumb\",\"itemListElement\":[{\"@type\":\"ListItem\",\"position\":1,\"name\":\"Home\",\"item\":\"https:\\\/\\\/panskasiejba.pl\\\/\"},{\"@type\":\"ListItem\",\"position\":2,\"name\":\"Strona g\u0142\u00f3wna\"}]},{\"@type\":\"WebSite\",\"@id\":\"https:\\\/\\\/panskasiejba.pl\\\/#website\",\"url\":\"https:\\\/\\\/panskasiejba.pl\\\/\",\"name\":\"\",\"description\":\"\",\"publisher\":{\"@id\":\"https:\\\/\\\/panskasiejba.pl\\\/#organization\"},\"potentialAction\":[{\"@type\":\"SearchAction\",\"target\":{\"@type\":\"EntryPoint\",\"urlTemplate\":\"https:\\\/\\\/panskasiejba.pl\\\/?s={search_term_string}\"},\"query-input\":{\"@type\":\"PropertyValueSpecification\",\"valueRequired\":true,\"valueName\":\"search_term_string\"}}],\"inLanguage\":\"pl-PL\"},{\"@type\":\"Organization\",\"@id\":\"https:\\\/\\\/panskasiejba.pl\\\/#organization\",\"name\":\"Pa\u0144ska Siejba\",\"url\":\"https:\\\/\\\/panskasiejba.pl\\\/\",\"logo\":{\"@type\":\"ImageObject\",\"inLanguage\":\"pl-PL\",\"@id\":\"https:\\\/\\\/panskasiejba.pl\\\/#\\\/schema\\\/logo\\\/image\\\/\",\"url\":\"https:\\\/\\\/panskasiejba.pl\\\/wp-content\\\/uploads\\\/2021\\\/08\\\/cropped-nowe-logo-pelne-2.png\",\"contentUrl\":\"https:\\\/\\\/panskasiejba.pl\\\/wp-content\\\/uploads\\\/2021\\\/08\\\/cropped-nowe-logo-pelne-2.png\",\"width\":2023,\"height\":945,\"caption\":\"Pa\u0144ska Siejba\"},\"image\":{\"@id\":\"https:\\\/\\\/panskasiejba.pl\\\/#\\\/schema\\\/logo\\\/image\\\/\"},\"sameAs\":[\"https:\\\/\\\/www.facebook.com\\\/profile.php?id=100063526942329\"]}]}<\/script>\n<!-- \/ Yoast SEO plugin. -->","yoast_head_json":{"title":"Strona g\u0142\u00f3wna -","robots":{"index":"index","follow":"follow","max-snippet":"max-snippet:-1","max-image-preview":"max-image-preview:large","max-video-preview":"max-video-preview:-1"},"canonical":"https:\/\/panskasiejba.pl\/","og_locale":"pl_PL","og_type":"article","og_title":"Strona g\u0142\u00f3wna -","og_description":"Witamy na stronie! To jest strona g\u0142\u00f3wna, kt\u00f3r\u0105 zobaczy wi\u0119kszo\u015b\u0107 odwiedzaj\u0105cych, kiedy b\u0119dzie odwiedza\u0107 twoj\u0105 witryn\u0119 po raz","og_url":"https:\/\/panskasiejba.pl\/","article_publisher":"https:\/\/www.facebook.com\/profile.php?id=100063526942329","article_modified_time":"2023-01-20T10:26:58+00:00","twitter_card":"summary_large_image","twitter_misc":{"Szacowany czas czytania":"1 minuta"},"schema":{"@context":"https:\/\/schema.org","@graph":[{"@type":"WebPage","@id":"https:\/\/panskasiejba.pl\/","url":"https:\/\/panskasiejba.pl\/","name":"Strona g\u0142\u00f3wna -","isPartOf":{"@id":"https:\/\/panskasiejba.pl\/#website"},"datePublished":"2021-08-04T18:51:48+00:00","dateModified":"2023-01-20T10:26:58+00:00","breadcrumb":{"@id":"https:\/\/panskasiejba.pl\/#breadcrumb"},"inLanguage":"pl-PL","potentialAction":[{"@type":"ReadAction","target":["https:\/\/panskasiejba.pl\/"]}]},{"@type":"BreadcrumbList","@id":"https:\/\/panskasiejba.pl\/#breadcrumb","itemListElement":[{"@type":"ListItem","position":1,"name":"Home","item":"https:\/\/panskasiejba.pl\/"},{"@type":"ListItem","position":2,"name":"Strona g\u0142\u00f3wna"}]},{"@type":"WebSite","@id":"https:\/\/panskasiejba.pl\/#website","url":"https:\/\/panskasiejba.pl\/","name":"","description":"","publisher":{"@id":"https:\/\/panskasiejba.pl\/#organization"},"potentialAction":[{"@type":"SearchAction","target":{"@type":"EntryPoint","urlTemplate":"https:\/\/panskasiejba.pl\/?s={search_term_string}"},"query-input":{"@type":"PropertyValueSpecification","valueRequired":true,"valueName":"search_term_string"}}],"inLanguage":"pl-PL"},{"@type":"Organization","@id":"https:\/\/panskasiejba.pl\/#organization","name":"Pa\u0144ska Siejba","url":"https:\/\/panskasiejba.pl\/","logo":{"@type":"ImageObject","inLanguage":"pl-PL","@id":"https:\/\/panskasiejba.pl\/#\/schema\/logo\/image\/","url":"https:\/\/panskasiejba.pl\/wp-content\/uploads\/2021\/08\/cropped-nowe-logo-pelne-2.png","contentUrl":"https:\/\/panskasiejba.pl\/wp-content\/uploads\/2021\/08\/cropped-nowe-logo-pelne-2.png","width":2023,"height":945,"caption":"Pa\u0144ska Siejba"},"image":{"@id":"https:\/\/panskasiejba.pl\/#\/schema\/logo\/image\/"},"sameAs":["https:\/\/www.facebook.com\/profile.php?id=100063526942329"]}]}},"_links":{"self":[{"href":"https:\/\/panskasiejba.pl\/index.php?rest_route=\/wp\/v2\/pages\/19","targetHints":{"allow":["GET"]}}],"collection":[{"href":"https:\/\/panskasiejba.pl\/index.php?rest_route=\/wp\/v2\/pages"}],"about":[{"href":"https:\/\/panskasiejba.pl\/index.php?rest_route=\/wp\/v2\/types\/page"}],"author":[{"embeddable":true,"href":"https:\/\/panskasiejba.pl\/index.php?rest_route=\/wp\/v2\/users\/1"}],"replies":[{"embeddable":true,"href":"https:\/\/panskasiejba.pl\/index.php?rest_route=%2Fwp%2Fv2%2Fcomments&post=19"}],"version-history":[{"count":12,"href":"https:\/\/panskasiejba.pl\/index.php?rest_route=\/wp\/v2\/pages\/19\/revisions"}],"predecessor-version":[{"id":139,"href":"https:\/\/panskasiejba.pl\/index.php?rest_route=\/wp\/v2\/pages\/19\/revisions\/139"}],"wp:attachment":[{"href":"https:\/\/panskasiejba.pl\/index.php?rest_route=%2Fwp%2Fv2%2Fmedia&parent=19"}],"curies":[{"name":"wp","href":"https:\/\/api.w.org\/{rel}","templated":true}]}}